{"id":279,"date":"2022-06-16T11:27:18","date_gmt":"2022-06-16T09:27:18","guid":{"rendered":"http:\/\/interalia.lu\/taetigkeitsfelder\/bioeconomie-et-developpement-rural\/"},"modified":"2022-08-22T13:49:27","modified_gmt":"2022-08-22T11:49:27","slug":"biooekonomie-und-laendliche-entwicklung","status":"publish","type":"page","link":"https:\/\/interalia.lu\/de\/taetigkeitsfelder\/biooekonomie-und-laendliche-entwicklung\/","title":{"rendered":"Bio\u00f6konomie und l\u00e4ndliche Entwicklung"},"content":{"rendered":"<p>[vc_section full_width=&#8220;stretch_row&#8220; el_id=&#8220;activity-intro&#8220; css=&#8220;.vc_custom_1655451823343{background-image: url(\/wp-content\/uploads\/2022\/06\/Group-800.png?id=266) !important;}&#8220;][vc_row el_id=&#8220;activity-intro-heading-row&#8220;][vc_column][vc_column_text]<\/p>\n<h1 class=\"upper\">Bio\u00f6konomie und l\u00e4ndliche Entwicklung<\/h1>\n<p>[\/vc_column_text][\/vc_column][\/vc_row][vc_row full_width=&#8220;stretch_row_content_no_spaces&#8220;][vc_column][vc_single_image image=&#8220;266&#8243; img_size=&#8220;full&#8220; alignment=&#8220;center&#8220; el_class=&#8220;no-space-img&#8220;][vc_column_text el_class=&#8220;hidden&#8220;]Aufwertung von Produkten und Werkstoffen aus nachwachsenden Rohstoffen im Bereich \u00f6kologisches Bauen oder in anderen Branchen.[\/vc_column_text][vc_column_text el_id=&#8220;activity-breadcrumbs&#8220;]<a href=\"\/de\/taetigkeitsfelder\/\">T\u00e4tigkeitsfelder<\/a> &gt; <a href=\"#\">Bio\u00f6konomie und l\u00e4ndliche Entwicklung<\/a>[\/vc_column_text][\/vc_column][\/vc_row][\/vc_section][vc_section el_id=&#8220;activity-content-sec&#8220;][vc_row][vc_column][vc_column_text]Wir bieten technische Unterst\u00fctzung bei der Anwendung der Grunds\u00e4tze der <strong>Kreislaufwirtschaft <\/strong>an, insbesondere durch die Aufwertung von Produkten und Werkstoffen aus <strong>nachwachsenden Rohstoffen <\/strong>im Bereich \u00f6kologisches Bauen oder in anderen Branchen.<\/p>\n<p>Die Interdisziplinarit\u00e4t unserer Teams verst\u00e4rkt den \u00fcbergreifenden Charakter unseres Ansatzes und gew\u00e4hrleistet gleichzeitig, dass die vielf\u00e4ltigen Herausforderungen, insbesondere betreffend die sozio\u00f6konomische Entwicklung des Agrarsektors, auf umweltvertr\u00e4gliche Weise ber\u00fccksichtigt werden k\u00f6nnen.[\/vc_column_text][vc_column_text]<strong class=\"colored upper activity-service-strong\">Unsere Leistungen<\/strong>[\/vc_column_text][vc_tta_accordion c_icon=&#8220;&#8220; active_section=&#8220;0&#8243; no_fill=&#8220;true&#8220; collapsible_all=&#8220;true&#8220; el_id=&#8220;activity-accordion&#8220;][vc_tta_section title=&#8220;Ausgestaltung, Entwicklung und F\u00f6rderung nachhaltiger Wertsch\u00f6pfungsketten&#8220; tab_id=&#8220;ausgestaltung&#8220;][vc_column_text]Alternative Anbautechniken, biobasierte Produkte, \u00f6kologische Baustoffe[\/vc_column_text][\/vc_tta_section][vc_tta_section title=&#8220;\u00dcberwachung und Absch\u00e4tzung der Folgen der eingef\u00fchrten Wertsch\u00f6pfungsketten&#8220; tab_id=&#8220;ueberwachung&#8220;][\/vc_tta_section][vc_tta_section title=&#8220;Bewusstseinsbildung, Ausbildung und \u00d6ffentlichkeitsinformation&#8220; tab_id=&#8220;bewusstseinsbildung&#8220;][\/vc_tta_section][vc_tta_section title=&#8220;Vermittlerrolle&#8220; tab_id=&#8220;vermittlerrolle&#8220;][vc_column_text]Schnittstelle zwischen der Landwirtschaft und dem Baugewerbe oder anderen Branchen[\/vc_column_text][\/vc_tta_section][vc_tta_section title=&#8220;Unterst\u00fctzung bei administrativen Vorg\u00e4ngen und Angelegenheiten in Zusammenhang mit Rechtsvorschriften&#8220; tab_id=&#8220;unterstuetzung&#8220;][vc_column_text]Dar\u00fcber hinaus unterst\u00fctzen wir Sie bei den administrativen Vorg\u00e4ngen sowie allen mit Rechtsvorschriften in Zusammenhang stehenden Angelegenheiten, die Ihr Projekt betreffen: Beantragung von Genehmigungen und F\u00f6rderungen, Einreichung von Formularen usw.[\/vc_column_text][\/vc_tta_section][\/vc_tta_accordion][\/vc_column][\/vc_row][vc_row][vc_column][vc_btn title=&#8220;T\u00e9l\u00e9charger la fiche du d\u00e9partement&#8220; align=&#8220;center&#8220; link=&#8220;url:%2Fwp-content%2Fuploads%2F2022%2F06%2FSC_FICHE-DEPARTEMENT_205x292_QSE2_PE-EC_web-1.pdf|target:_blank&#8220; el_class=&#8220;cta-btn hidden&#8220;][\/vc_column][\/vc_row][vc_row full_width=&#8220;stretch_row_content_no_spaces&#8220; disable_element=&#8220;yes&#8220; el_class=&#8220;skew-bot-row skew-bot-row-light&#8220;][vc_column][\/vc_column][\/vc_row][\/vc_section][vc_section full_width=&#8220;stretch_row&#8220; el_id=&#8220;activity-reference-footer-sec&#8220; css=&#8220;.vc_custom_1659951852982{background-color: #5bc5f2 !important;}&#8220;][vc_row][vc_column][vc_column_text]<script>jQuery(function(){ jQuery(\"#activity-reference-footer-sec\").remove();})<\/script>[\/vc_column_text][\/vc_column][\/vc_row][\/vc_section]<\/p>\n","protected":false},"excerpt":{"rendered":"<p>[vc_section full_width=&#8220;stretch_row&#8220; el_id=&#8220;activity-intro&#8220; css=&#8220;.vc_custom_1655451823343{background-image: url(\/wp-content\/uploads\/2022\/06\/Group-800.png?id=266) !important;}&#8220;][vc_row el_id=&#8220;activity-intro-heading-row&#8220;][vc_column][vc_column_text] Bio\u00f6konomie und l\u00e4ndliche Entwicklung [\/vc_column_text][\/vc_column][\/vc_row][vc_row full_width=&#8220;stretch_row_content_no_spaces&#8220;][vc_column][vc_single_image image=&#8220;266&#8243; img_size=&#8220;full&#8220; alignment=&#8220;center&#8220; el_class=&#8220;no-space-img&#8220;][vc_column_text el_class=&#8220;hidden&#8220;]Aufwertung von Produkten und Werkstoffen aus nachwachsenden Rohstoffen im<span class=\"excerpt-hellip\"> [\u2026]<\/span><\/p>\n","protected":false},"author":1,"featured_media":265,"parent":241,"menu_order":0,"comment_status":"closed","ping_status":"closed","template":"","meta":{"footnotes":""},"class_list":["post-279","page","type-page","status-publish","has-post-thumbnail","hentry"],"yoast_head":"<!-- This site is optimized with the Yoast SEO plugin v19.14 - https:\/\/yoast.com\/wordpress\/plugins\/seo\/ -->\n<title>InterAlia - T\u00e4tigkeitsbereich - Bio\u00f6konomie und l\u00e4ndliche Entwicklung<\/title>\n<meta name=\"robots\" content=\"index, follow, max-snippet:-1, max-image-preview:large, max-video-preview:-1\" \/>\n<link rel=\"canonical\" href=\"https:\/\/interalia.lu\/de\/taetigkeitsfelder\/biooekonomie-und-laendliche-entwicklung\/\" \/>\n<meta property=\"og:locale\" content=\"de_DE\" \/>\n<meta property=\"og:type\" content=\"article\" \/>\n<meta property=\"og:title\" content=\"InterAlia - T\u00e4tigkeitsbereich - Bio\u00f6konomie und l\u00e4ndliche Entwicklung\" \/>\n<meta property=\"og:description\" content=\"[vc_section full_width=&#8220;stretch_row&#8220; el_id=&#8220;activity-intro&#8220; css=&#8220;.vc_custom_1655451823343{background-image: url(\/wp-content\/uploads\/2022\/06\/Group-800.png?id=266) !important;}&#8220;][vc_row el_id=&#8220;activity-intro-heading-row&#8220;][vc_column][vc_column_text] Bio\u00f6konomie und l\u00e4ndliche Entwicklung [\/vc_column_text][\/vc_column][\/vc_row][vc_row full_width=&#8220;stretch_row_content_no_spaces&#8220;][vc_column][vc_single_image image=&#8220;266&#8243; img_size=&#8220;full&#8220; alignment=&#8220;center&#8220; el_class=&#8220;no-space-img&#8220;][vc_column_text el_class=&#8220;hidden&#8220;]Aufwertung von Produkten und Werkstoffen aus nachwachsenden Rohstoffen im [\u2026]\" \/>\n<meta property=\"og:url\" content=\"https:\/\/interalia.lu\/de\/taetigkeitsfelder\/biooekonomie-und-laendliche-entwicklung\/\" \/>\n<meta property=\"og:site_name\" content=\"Interalia\" \/>\n<meta property=\"article:modified_time\" content=\"2022-08-22T11:49:27+00:00\" \/>\n<meta property=\"og:image\" content=\"https:\/\/interalia.lu\/wp-content\/uploads\/2022\/06\/bioeconomie.jpg\" \/>\n\t<meta property=\"og:image:width\" content=\"1200\" \/>\n\t<meta property=\"og:image:height\" content=\"900\" \/>\n\t<meta property=\"og:image:type\" content=\"image\/jpeg\" \/>\n<meta name=\"twitter:card\" content=\"summary_large_image\" \/>\n<meta name=\"twitter:label1\" content=\"Gesch\u00e4tzte Lesezeit\" \/>\n\t<meta name=\"twitter:data1\" content=\"1\u00a0Minute\" \/>\n<script type=\"application\/ld+json\" class=\"yoast-schema-graph\">{\"@context\":\"https:\/\/schema.org\",\"@graph\":[{\"@type\":\"WebPage\",\"@id\":\"https:\/\/interalia.lu\/de\/taetigkeitsfelder\/biooekonomie-und-laendliche-entwicklung\/\",\"url\":\"https:\/\/interalia.lu\/de\/taetigkeitsfelder\/biooekonomie-und-laendliche-entwicklung\/\",\"name\":\"InterAlia - T\u00e4tigkeitsbereich - Bio\u00f6konomie und l\u00e4ndliche Entwicklung\",\"isPartOf\":{\"@id\":\"https:\/\/interalia.lu\/#website\"},\"datePublished\":\"2022-06-16T09:27:18+00:00\",\"dateModified\":\"2022-08-22T11:49:27+00:00\",\"breadcrumb\":{\"@id\":\"https:\/\/interalia.lu\/de\/taetigkeitsfelder\/biooekonomie-und-laendliche-entwicklung\/#breadcrumb\"},\"inLanguage\":\"de\",\"potentialAction\":[{\"@type\":\"ReadAction\",\"target\":[\"https:\/\/interalia.lu\/de\/taetigkeitsfelder\/biooekonomie-und-laendliche-entwicklung\/\"]}]},{\"@type\":\"BreadcrumbList\",\"@id\":\"https:\/\/interalia.lu\/de\/taetigkeitsfelder\/biooekonomie-und-laendliche-entwicklung\/#breadcrumb\",\"itemListElement\":[{\"@type\":\"ListItem\",\"position\":1,\"name\":\"Home\",\"item\":\"https:\/\/interalia.lu\/de\/\"},{\"@type\":\"ListItem\",\"position\":2,\"name\":\"T\u00e4tigkeitsfelder\",\"item\":\"https:\/\/interalia.lu\/de\/taetigkeitsfelder\/\"},{\"@type\":\"ListItem\",\"position\":3,\"name\":\"Bio\u00f6konomie und l\u00e4ndliche Entwicklung\"}]},{\"@type\":\"WebSite\",\"@id\":\"https:\/\/interalia.lu\/#website\",\"url\":\"https:\/\/interalia.lu\/\",\"name\":\"Interalia\",\"description\":\"Un site utilisant WordPress\",\"inLanguage\":\"de\"}]}<\/script>\n<!-- \/ Yoast SEO plugin. -->","yoast_head_json":{"title":"InterAlia - T\u00e4tigkeitsbereich - Bio\u00f6konomie und l\u00e4ndliche Entwicklung","robots":{"index":"index","follow":"follow","max-snippet":"max-snippet:-1","max-image-preview":"max-image-preview:large","max-video-preview":"max-video-preview:-1"},"canonical":"https:\/\/interalia.lu\/de\/taetigkeitsfelder\/biooekonomie-und-laendliche-entwicklung\/","og_locale":"de_DE","og_type":"article","og_title":"InterAlia - T\u00e4tigkeitsbereich - Bio\u00f6konomie und l\u00e4ndliche Entwicklung","og_description":"[vc_section full_width=&#8220;stretch_row&#8220; el_id=&#8220;activity-intro&#8220; css=&#8220;.vc_custom_1655451823343{background-image: url(\/wp-content\/uploads\/2022\/06\/Group-800.png?id=266) !important;}&#8220;][vc_row el_id=&#8220;activity-intro-heading-row&#8220;][vc_column][vc_column_text] Bio\u00f6konomie und l\u00e4ndliche Entwicklung [\/vc_column_text][\/vc_column][\/vc_row][vc_row full_width=&#8220;stretch_row_content_no_spaces&#8220;][vc_column][vc_single_image image=&#8220;266&#8243; img_size=&#8220;full&#8220; alignment=&#8220;center&#8220; el_class=&#8220;no-space-img&#8220;][vc_column_text el_class=&#8220;hidden&#8220;]Aufwertung von Produkten und Werkstoffen aus nachwachsenden Rohstoffen im [\u2026]","og_url":"https:\/\/interalia.lu\/de\/taetigkeitsfelder\/biooekonomie-und-laendliche-entwicklung\/","og_site_name":"Interalia","article_modified_time":"2022-08-22T11:49:27+00:00","og_image":[{"width":1200,"height":900,"url":"https:\/\/interalia.lu\/wp-content\/uploads\/2022\/06\/bioeconomie.jpg","type":"image\/jpeg"}],"twitter_card":"summary_large_image","twitter_misc":{"Gesch\u00e4tzte Lesezeit":"1\u00a0Minute"},"schema":{"@context":"https:\/\/schema.org","@graph":[{"@type":"WebPage","@id":"https:\/\/interalia.lu\/de\/taetigkeitsfelder\/biooekonomie-und-laendliche-entwicklung\/","url":"https:\/\/interalia.lu\/de\/taetigkeitsfelder\/biooekonomie-und-laendliche-entwicklung\/","name":"InterAlia - T\u00e4tigkeitsbereich - Bio\u00f6konomie und l\u00e4ndliche Entwicklung","isPartOf":{"@id":"https:\/\/interalia.lu\/#website"},"datePublished":"2022-06-16T09:27:18+00:00","dateModified":"2022-08-22T11:49:27+00:00","breadcrumb":{"@id":"https:\/\/interalia.lu\/de\/taetigkeitsfelder\/biooekonomie-und-laendliche-entwicklung\/#breadcrumb"},"inLanguage":"de","potentialAction":[{"@type":"ReadAction","target":["https:\/\/interalia.lu\/de\/taetigkeitsfelder\/biooekonomie-und-laendliche-entwicklung\/"]}]},{"@type":"BreadcrumbList","@id":"https:\/\/interalia.lu\/de\/taetigkeitsfelder\/biooekonomie-und-laendliche-entwicklung\/#breadcrumb","itemListElement":[{"@type":"ListItem","position":1,"name":"Home","item":"https:\/\/interalia.lu\/de\/"},{"@type":"ListItem","position":2,"name":"T\u00e4tigkeitsfelder","item":"https:\/\/interalia.lu\/de\/taetigkeitsfelder\/"},{"@type":"ListItem","position":3,"name":"Bio\u00f6konomie und l\u00e4ndliche Entwicklung"}]},{"@type":"WebSite","@id":"https:\/\/interalia.lu\/#website","url":"https:\/\/interalia.lu\/","name":"Interalia","description":"Un site utilisant WordPress","inLanguage":"de"}]}},"_links":{"self":[{"href":"https:\/\/interalia.lu\/de\/wp-json\/wp\/v2\/pages\/279","targetHints":{"allow":["GET"]}}],"collection":[{"href":"https:\/\/interalia.lu\/de\/wp-json\/wp\/v2\/pages"}],"about":[{"href":"https:\/\/interalia.lu\/de\/wp-json\/wp\/v2\/types\/page"}],"author":[{"embeddable":true,"href":"https:\/\/interalia.lu\/de\/wp-json\/wp\/v2\/users\/1"}],"replies":[{"embeddable":true,"href":"https:\/\/interalia.lu\/de\/wp-json\/wp\/v2\/comments?post=279"}],"version-history":[{"count":4,"href":"https:\/\/interalia.lu\/de\/wp-json\/wp\/v2\/pages\/279\/revisions"}],"predecessor-version":[{"id":376,"href":"https:\/\/interalia.lu\/de\/wp-json\/wp\/v2\/pages\/279\/revisions\/376"}],"up":[{"embeddable":true,"href":"https:\/\/interalia.lu\/de\/wp-json\/wp\/v2\/pages\/241"}],"wp:featuredmedia":[{"embeddable":true,"href":"https:\/\/interalia.lu\/de\/wp-json\/wp\/v2\/media\/265"}],"wp:attachment":[{"href":"https:\/\/interalia.lu\/de\/wp-json\/wp\/v2\/media?parent=279"}],"curies":[{"name":"wp","href":"https:\/\/api.w.org\/{rel}","templated":true}]}}