{"id":275,"date":"2022-06-16T11:26:48","date_gmt":"2022-06-16T09:26:48","guid":{"rendered":"http:\/\/interalia.lu\/taetigkeitsfelder\/agriculture-durable-agroecologie-et-gestion-integree-des-sols\/"},"modified":"2022-08-08T11:43:13","modified_gmt":"2022-08-08T09:43:13","slug":"nachhaltige-landwirtschaft-agraroekologie-und-integrierte-bodenbewirtschaftung","status":"publish","type":"page","link":"https:\/\/interalia.lu\/de\/taetigkeitsfelder\/nachhaltige-landwirtschaft-agraroekologie-und-integrierte-bodenbewirtschaftung\/","title":{"rendered":"Nachhaltige Landwirtschaft, Agrar\u00f6kologie und integrierte Bodenbewirtschaftung"},"content":{"rendered":"<p>[vc_section full_width=&#8220;stretch_row&#8220; el_id=&#8220;activity-intro&#8220; css=&#8220;.vc_custom_1655384389448{background-image: url(\/wp-content\/uploads\/2022\/06\/Group-799.png?id=252) !important;}&#8220;][vc_row el_id=&#8220;activity-intro-heading-row&#8220;][vc_column][vc_column_text]<\/p>\n<h1 class=\"upper\">Nachhaltige Landwirtschaft, Agrar\u00f6kologie und integrierte Bodenbewirtschaftung<\/h1>\n<p>[\/vc_column_text][\/vc_column][\/vc_row][vc_row full_width=&#8220;stretch_row_content_no_spaces&#8220;][vc_column][vc_single_image image=&#8220;252&#8243; img_size=&#8220;full&#8220; alignment=&#8220;center&#8220; el_class=&#8220;no-space-img&#8220;][vc_column_text el_class=&#8220;hidden&#8220;]Schutz der Wasserressourcen durch die Entwicklung geeigneter Anbautechniken und Methoden f\u00fcr die Bodenbewirtschaftung.[\/vc_column_text][vc_column_text el_id=&#8220;activity-breadcrumbs&#8220;]<a href=\"\/de\/taetigkeitsfelder\/\">T\u00e4tigkeitsfelder<\/a> &gt; <a href=\"#\">Nachhaltige Landwirtschaft, Agrar\u00f6kologie und integrierte Bodenbewirtschaftung<\/a>[\/vc_column_text][\/vc_column][\/vc_row][\/vc_section][vc_section el_id=&#8220;activity-content-sec&#8220;][vc_row][vc_column][vc_column_text]Das Unternehmen InterAlia unterst\u00fctzt seine Kunden mit seinem Fachwissen bei der Entwicklung und Aufrechterhaltung von <strong>landwirtschaftlichen Systemen, Anbautechniken und Methoden f\u00fcr die Bodenbewirtschaftung<\/strong>, die einen besseren Schutz der Wasserressourcen sowie der Umwelt im Allgemeinen erm\u00f6glichen.<\/p>\n<p>Die entsprechenden Ma\u00dfnahmen beruhen auf Analysen und Machbarkeitsstudien, die im Vorfeld des Projekts, in Absprache mit einer gro\u00dfen Anzahl an Akteuren und unter Einbeziehung der verschiedenen, vom Projekt betroffenen Branchen durchgef\u00fchrt wurden. Durch diese Vorgehensweise ist gew\u00e4hrleistet, dass koh\u00e4rente L\u00f6sungen erarbeitet und effiziente Ergebnisse erzielt werden.[\/vc_column_text][vc_column_text]<strong class=\"colored upper activity-service-strong\">Unsere Leistungen<\/strong>[\/vc_column_text][vc_tta_accordion c_icon=&#8220;&#8220; active_section=&#8220;0&#8243; no_fill=&#8220;true&#8220; collapsible_all=&#8220;true&#8220; el_id=&#8220;activity-accordion&#8220;][vc_tta_section title=&#8220;Entwurfsplanung&#8220; tab_id=&#8220;entwurfsplanung&#8220;][vc_column_text]Raumanalysen, Ermittlung der Herausforderungen f\u00fcr den Umweltschutz in der Landwirtschaft, sozio\u00f6konomische Erhebungen, Vorstudien usw.[\/vc_column_text][\/vc_tta_section][vc_tta_section title=&#8220;Ausarbeitung und Unterbreitung von alternativen L\u00f6sungsvorschl\u00e4gen f\u00fcr die Landwirtschaft&#8220; tab_id=&#8220;ausarbeitung&#8220;][vc_column_text]Anbauformen mit einem geringen Bedarf an Betriebsmitteln, teilweiser oder vollst\u00e4ndiger Verzicht auf den Einsatz von Pestiziden, Verringerung der Bodenbearbeitung, regenerative Landwirtschaft, geeignete Fruchtfolge, Extensivierung, Beweidung landwirtschaftlicher Fl\u00e4chen usw.[\/vc_column_text][\/vc_tta_section][vc_tta_section title=&#8220;Verringerung des Einsatzes chemischer Substanzen (Pflanzenschutzmittel und mineralische D\u00fcngemittel)&#8220; tab_id=&#8220;verringerung&#8220;][vc_column_text]Auf landwirtschaftlichen Nutzfl\u00e4chen, in W\u00e4ldern oder im Stadtgebiet<\/p>\n<ul class=\"black\">\n<li><strong>Technische Unterst\u00fctzung von Gemeinden und anderen \u00f6ffentlichen Stellen<\/strong>\n<ul class=\"black\">\n<li>Umsetzung des Nationalen Aktionsplans zur Reduzierung der Anwendung von Pflanzenschutzmitteln (Plan d\u2019Action National de r\u00e9duction des produits phytopharmaceutiques \u2013 PAN), sonstige Ma\u00dfnahmen und gebietsbezogene Projekte<\/li>\n<\/ul>\n<\/li>\n<li><strong>Untersuchungen und Versuche<\/strong>\n<ul class=\"black\">\n<li>Ausarbeitung bew\u00e4hrter Praktiken, Erprobung alternativer Produkte, Pilotprojekte usw.<\/li>\n<\/ul>\n<\/li>\n<\/ul>\n<p>[\/vc_column_text][\/vc_tta_section][vc_tta_section title=&#8220;Integrierte Bodenbewirtschaftung und Verringerung der Erosion&#8220; tab_id=&#8220;integriert&#8220;][vc_column_text]Auf landwirtschaftlichen Nutzfl\u00e4chen, in W\u00e4ldern oder im Stadtgebiet<\/p>\n<ul class=\"black\">\n<li><strong>Fachwissen und Ingenieurarbeit im Bereich Bodenkunde<\/strong>\n<ul class=\"black\">\n<li>Charakterisierung von B\u00f6den, Kartografie, Ermittlung der Eignung als landwirtschaftliche Nutzfl\u00e4che usw.<\/li>\n<\/ul>\n<\/li>\n<li><strong>Unterst\u00fctzung bei der Umsetzung von Ma\u00dfnahmen zur Bek\u00e4mpfung der Erosion<\/strong>\n<ul class=\"black\">\n<li>Planung und \u00dcberwachung baulicher Ma\u00dfnahmen<\/li>\n<\/ul>\n<\/li>\n<\/ul>\n<p>[\/vc_column_text][\/vc_tta_section][vc_tta_section title=&#8220;Vorstudien&#8220; tab_id=&#8220;vorstudien&#8220;][vc_column_text]Machbarkeitsstudien f\u00fcr die vorgeschlagenen L\u00f6sungen und Marktstudien[\/vc_column_text][\/vc_tta_section][vc_tta_section title=&#8220;Operative Unterst\u00fctzung&#8220; tab_id=&#8220;unterstuetzung&#8220;][vc_column_text]Begleitung der Umsetzung, Bekanntmachung der Ergebnisse und Absch\u00e4tzung der Folgen[\/vc_column_text][\/vc_tta_section][vc_tta_section title=&#8220;Unterst\u00fctzung bei administrativen Vorg\u00e4ngen und Angelegenheiten in Zusammenhang mit Rechtsvorschriften&#8220; tab_id=&#8220;administrativ&#8220;][vc_column_text]Dar\u00fcber hinaus unterst\u00fctzen wir Sie bei den administrativen Vorg\u00e4ngen sowie allen mit Rechtsvorschriften in Zusammenhang stehenden Angelegenheiten, die Ihr Projekt betreffen: Beantragung von Genehmigungen und F\u00f6rderungen, Einreichung von Formularen usw.[\/vc_column_text][\/vc_tta_section][\/vc_tta_accordion][\/vc_column][\/vc_row][vc_row][vc_column][vc_btn title=&#8220;T\u00e9l\u00e9charger la fiche du d\u00e9partement&#8220; align=&#8220;center&#8220; link=&#8220;url:%2Fwp-content%2Fuploads%2F2022%2F06%2FSC_FICHE-DEPARTEMENT_205x292_QSE2_PE-EC_web-1.pdf|target:_blank&#8220; el_class=&#8220;cta-btn hidden&#8220;][\/vc_column][\/vc_row][vc_row full_width=&#8220;stretch_row_content_no_spaces&#8220; el_class=&#8220;skew-bot-row skew-bot-row-light&#8220;][vc_column][\/vc_column][\/vc_row][\/vc_section][vc_section full_width=&#8220;stretch_row&#8220; el_id=&#8220;activity-reference-footer-sec&#8220; css=&#8220;.vc_custom_1659951785911{background-color: #5bc5f2 !important;}&#8220;][vc_row][vc_column][vc_column_text]<h2 class=\"white upper bot-mar-2 al-center top-mar-1\">Entdecken Sie unsere Projekte<\/h1><div id=\"ref-act-footer\" class=\"ref-act-footer-c-2 \"><div class=\"ref-act-footer-item ref-act-footer-type-page\"><a href=\"https:\/\/interalia.lu\/de\/plateau-agricole-laangriicht-a-bridel\/\"><img decoding=\"async\" src=\"https:\/\/interalia.lu\/wp-content\/uploads\/2022\/08\/Image_2-1024x768.jpg\"><div class=\"ref-act-footer-inner\"><span class=\"ref-act-footer-title\">Plateau agricole Laangriicht \u00e0 Bridel<\/span><\/div><\/a><\/div><div class=\"ref-act-footer-item ref-act-footer-type-page\"><a href=\"https:\/\/interalia.lu\/de\/programmes-de-biodiversite-en-milieu-rural\/\"><img decoding=\"async\" src=\"https:\/\/interalia.lu\/wp-content\/uploads\/2022\/08\/Image_1-1024x768.png\"><div class=\"ref-act-footer-inner\"><span class=\"ref-act-footer-title\">Programmes de biodiversit\u00e9 en milieu rural<\/span><\/div><\/a><\/div><\/div>[\/vc_column_text][\/vc_column][\/vc_row][\/vc_section]<\/p>\n","protected":false},"excerpt":{"rendered":"<p>[vc_section full_width=&#8220;stretch_row&#8220; el_id=&#8220;activity-intro&#8220; css=&#8220;.vc_custom_1655384389448{background-image: url(\/wp-content\/uploads\/2022\/06\/Group-799.png?id=252) !important;}&#8220;][vc_row el_id=&#8220;activity-intro-heading-row&#8220;][vc_column][vc_column_text] Nachhaltige Landwirtschaft, Agrar\u00f6kologie und integrierte Bodenbewirtschaftung [\/vc_column_text][\/vc_column][\/vc_row][vc_row full_width=&#8220;stretch_row_content_no_spaces&#8220;][vc_column][vc_single_image image=&#8220;252&#8243; img_size=&#8220;full&#8220; alignment=&#8220;center&#8220; el_class=&#8220;no-space-img&#8220;][vc_column_text el_class=&#8220;hidden&#8220;]Schutz der Wasserressourcen durch die Entwicklung geeigneter<span class=\"excerpt-hellip\"> [\u2026]<\/span><\/p>\n","protected":false},"author":1,"featured_media":251,"parent":241,"menu_order":0,"comment_status":"closed","ping_status":"closed","template":"","meta":{"footnotes":""},"class_list":["post-275","page","type-page","status-publish","has-post-thumbnail","hentry"],"yoast_head":"<!-- This site is optimized with the Yoast SEO plugin v19.14 - https:\/\/yoast.com\/wordpress\/plugins\/seo\/ -->\n<title>InterAlia - T\u00e4tigkeitsbereich - Nachhaltige Landwirtschaft, Agrar\u00f6kologie und integrierte Bodenbewirtschaftung<\/title>\n<meta name=\"robots\" content=\"index, follow, max-snippet:-1, max-image-preview:large, max-video-preview:-1\" \/>\n<link rel=\"canonical\" href=\"https:\/\/interalia.lu\/de\/taetigkeitsfelder\/nachhaltige-landwirtschaft-agraroekologie-und-integrierte-bodenbewirtschaftung\/\" \/>\n<meta property=\"og:locale\" content=\"de_DE\" \/>\n<meta property=\"og:type\" content=\"article\" \/>\n<meta property=\"og:title\" content=\"InterAlia - T\u00e4tigkeitsbereich - Nachhaltige Landwirtschaft, Agrar\u00f6kologie und integrierte Bodenbewirtschaftung\" \/>\n<meta property=\"og:description\" content=\"[vc_section full_width=&#8220;stretch_row&#8220; el_id=&#8220;activity-intro&#8220; css=&#8220;.vc_custom_1655384389448{background-image: url(\/wp-content\/uploads\/2022\/06\/Group-799.png?id=252) !important;}&#8220;][vc_row el_id=&#8220;activity-intro-heading-row&#8220;][vc_column][vc_column_text] Nachhaltige Landwirtschaft, Agrar\u00f6kologie und integrierte Bodenbewirtschaftung [\/vc_column_text][\/vc_column][\/vc_row][vc_row full_width=&#8220;stretch_row_content_no_spaces&#8220;][vc_column][vc_single_image image=&#8220;252&#8243; img_size=&#8220;full&#8220; alignment=&#8220;center&#8220; el_class=&#8220;no-space-img&#8220;][vc_column_text el_class=&#8220;hidden&#8220;]Schutz der Wasserressourcen durch die Entwicklung geeigneter [\u2026]\" \/>\n<meta property=\"og:url\" content=\"https:\/\/interalia.lu\/de\/taetigkeitsfelder\/nachhaltige-landwirtschaft-agraroekologie-und-integrierte-bodenbewirtschaftung\/\" \/>\n<meta property=\"og:site_name\" content=\"Interalia\" \/>\n<meta property=\"article:modified_time\" content=\"2022-08-08T09:43:13+00:00\" \/>\n<meta property=\"og:image\" content=\"https:\/\/interalia.lu\/wp-content\/uploads\/2022\/06\/agri-featured.jpg\" \/>\n\t<meta property=\"og:image:width\" content=\"1200\" \/>\n\t<meta property=\"og:image:height\" content=\"900\" \/>\n\t<meta property=\"og:image:type\" content=\"image\/jpeg\" \/>\n<meta name=\"twitter:card\" content=\"summary_large_image\" \/>\n<meta name=\"twitter:label1\" content=\"Gesch\u00e4tzte Lesezeit\" \/>\n\t<meta name=\"twitter:data1\" content=\"2\u00a0Minuten\" \/>\n<script type=\"application\/ld+json\" class=\"yoast-schema-graph\">{\"@context\":\"https:\/\/schema.org\",\"@graph\":[{\"@type\":\"WebPage\",\"@id\":\"https:\/\/interalia.lu\/de\/taetigkeitsfelder\/nachhaltige-landwirtschaft-agraroekologie-und-integrierte-bodenbewirtschaftung\/\",\"url\":\"https:\/\/interalia.lu\/de\/taetigkeitsfelder\/nachhaltige-landwirtschaft-agraroekologie-und-integrierte-bodenbewirtschaftung\/\",\"name\":\"InterAlia - T\u00e4tigkeitsbereich - Nachhaltige Landwirtschaft, Agrar\u00f6kologie und integrierte Bodenbewirtschaftung\",\"isPartOf\":{\"@id\":\"https:\/\/interalia.lu\/#website\"},\"datePublished\":\"2022-06-16T09:26:48+00:00\",\"dateModified\":\"2022-08-08T09:43:13+00:00\",\"breadcrumb\":{\"@id\":\"https:\/\/interalia.lu\/de\/taetigkeitsfelder\/nachhaltige-landwirtschaft-agraroekologie-und-integrierte-bodenbewirtschaftung\/#breadcrumb\"},\"inLanguage\":\"de\",\"potentialAction\":[{\"@type\":\"ReadAction\",\"target\":[\"https:\/\/interalia.lu\/de\/taetigkeitsfelder\/nachhaltige-landwirtschaft-agraroekologie-und-integrierte-bodenbewirtschaftung\/\"]}]},{\"@type\":\"BreadcrumbList\",\"@id\":\"https:\/\/interalia.lu\/de\/taetigkeitsfelder\/nachhaltige-landwirtschaft-agraroekologie-und-integrierte-bodenbewirtschaftung\/#breadcrumb\",\"itemListElement\":[{\"@type\":\"ListItem\",\"position\":1,\"name\":\"Home\",\"item\":\"https:\/\/interalia.lu\/de\/\"},{\"@type\":\"ListItem\",\"position\":2,\"name\":\"T\u00e4tigkeitsfelder\",\"item\":\"https:\/\/interalia.lu\/de\/taetigkeitsfelder\/\"},{\"@type\":\"ListItem\",\"position\":3,\"name\":\"Nachhaltige Landwirtschaft, Agrar\u00f6kologie und integrierte Bodenbewirtschaftung\"}]},{\"@type\":\"WebSite\",\"@id\":\"https:\/\/interalia.lu\/#website\",\"url\":\"https:\/\/interalia.lu\/\",\"name\":\"Interalia\",\"description\":\"Un site utilisant WordPress\",\"inLanguage\":\"de\"}]}<\/script>\n<!-- \/ Yoast SEO plugin. -->","yoast_head_json":{"title":"InterAlia - T\u00e4tigkeitsbereich - Nachhaltige Landwirtschaft, Agrar\u00f6kologie und integrierte Bodenbewirtschaftung","robots":{"index":"index","follow":"follow","max-snippet":"max-snippet:-1","max-image-preview":"max-image-preview:large","max-video-preview":"max-video-preview:-1"},"canonical":"https:\/\/interalia.lu\/de\/taetigkeitsfelder\/nachhaltige-landwirtschaft-agraroekologie-und-integrierte-bodenbewirtschaftung\/","og_locale":"de_DE","og_type":"article","og_title":"InterAlia - T\u00e4tigkeitsbereich - Nachhaltige Landwirtschaft, Agrar\u00f6kologie und integrierte Bodenbewirtschaftung","og_description":"[vc_section full_width=&#8220;stretch_row&#8220; el_id=&#8220;activity-intro&#8220; css=&#8220;.vc_custom_1655384389448{background-image: url(\/wp-content\/uploads\/2022\/06\/Group-799.png?id=252) !important;}&#8220;][vc_row el_id=&#8220;activity-intro-heading-row&#8220;][vc_column][vc_column_text] Nachhaltige Landwirtschaft, Agrar\u00f6kologie und integrierte Bodenbewirtschaftung [\/vc_column_text][\/vc_column][\/vc_row][vc_row full_width=&#8220;stretch_row_content_no_spaces&#8220;][vc_column][vc_single_image image=&#8220;252&#8243; img_size=&#8220;full&#8220; alignment=&#8220;center&#8220; el_class=&#8220;no-space-img&#8220;][vc_column_text el_class=&#8220;hidden&#8220;]Schutz der Wasserressourcen durch die Entwicklung geeigneter [\u2026]","og_url":"https:\/\/interalia.lu\/de\/taetigkeitsfelder\/nachhaltige-landwirtschaft-agraroekologie-und-integrierte-bodenbewirtschaftung\/","og_site_name":"Interalia","article_modified_time":"2022-08-08T09:43:13+00:00","og_image":[{"width":1200,"height":900,"url":"https:\/\/interalia.lu\/wp-content\/uploads\/2022\/06\/agri-featured.jpg","type":"image\/jpeg"}],"twitter_card":"summary_large_image","twitter_misc":{"Gesch\u00e4tzte Lesezeit":"2\u00a0Minuten"},"schema":{"@context":"https:\/\/schema.org","@graph":[{"@type":"WebPage","@id":"https:\/\/interalia.lu\/de\/taetigkeitsfelder\/nachhaltige-landwirtschaft-agraroekologie-und-integrierte-bodenbewirtschaftung\/","url":"https:\/\/interalia.lu\/de\/taetigkeitsfelder\/nachhaltige-landwirtschaft-agraroekologie-und-integrierte-bodenbewirtschaftung\/","name":"InterAlia - T\u00e4tigkeitsbereich - Nachhaltige Landwirtschaft, Agrar\u00f6kologie und integrierte Bodenbewirtschaftung","isPartOf":{"@id":"https:\/\/interalia.lu\/#website"},"datePublished":"2022-06-16T09:26:48+00:00","dateModified":"2022-08-08T09:43:13+00:00","breadcrumb":{"@id":"https:\/\/interalia.lu\/de\/taetigkeitsfelder\/nachhaltige-landwirtschaft-agraroekologie-und-integrierte-bodenbewirtschaftung\/#breadcrumb"},"inLanguage":"de","potentialAction":[{"@type":"ReadAction","target":["https:\/\/interalia.lu\/de\/taetigkeitsfelder\/nachhaltige-landwirtschaft-agraroekologie-und-integrierte-bodenbewirtschaftung\/"]}]},{"@type":"BreadcrumbList","@id":"https:\/\/interalia.lu\/de\/taetigkeitsfelder\/nachhaltige-landwirtschaft-agraroekologie-und-integrierte-bodenbewirtschaftung\/#breadcrumb","itemListElement":[{"@type":"ListItem","position":1,"name":"Home","item":"https:\/\/interalia.lu\/de\/"},{"@type":"ListItem","position":2,"name":"T\u00e4tigkeitsfelder","item":"https:\/\/interalia.lu\/de\/taetigkeitsfelder\/"},{"@type":"ListItem","position":3,"name":"Nachhaltige Landwirtschaft, Agrar\u00f6kologie und integrierte Bodenbewirtschaftung"}]},{"@type":"WebSite","@id":"https:\/\/interalia.lu\/#website","url":"https:\/\/interalia.lu\/","name":"Interalia","description":"Un site utilisant WordPress","inLanguage":"de"}]}},"_links":{"self":[{"href":"https:\/\/interalia.lu\/de\/wp-json\/wp\/v2\/pages\/275","targetHints":{"allow":["GET"]}}],"collection":[{"href":"https:\/\/interalia.lu\/de\/wp-json\/wp\/v2\/pages"}],"about":[{"href":"https:\/\/interalia.lu\/de\/wp-json\/wp\/v2\/types\/page"}],"author":[{"embeddable":true,"href":"https:\/\/interalia.lu\/de\/wp-json\/wp\/v2\/users\/1"}],"replies":[{"embeddable":true,"href":"https:\/\/interalia.lu\/de\/wp-json\/wp\/v2\/comments?post=275"}],"version-history":[{"count":3,"href":"https:\/\/interalia.lu\/de\/wp-json\/wp\/v2\/pages\/275\/revisions"}],"predecessor-version":[{"id":369,"href":"https:\/\/interalia.lu\/de\/wp-json\/wp\/v2\/pages\/275\/revisions\/369"}],"up":[{"embeddable":true,"href":"https:\/\/interalia.lu\/de\/wp-json\/wp\/v2\/pages\/241"}],"wp:featuredmedia":[{"embeddable":true,"href":"https:\/\/interalia.lu\/de\/wp-json\/wp\/v2\/media\/251"}],"wp:attachment":[{"href":"https:\/\/interalia.lu\/de\/wp-json\/wp\/v2\/media?parent=275"}],"curies":[{"name":"wp","href":"https:\/\/api.w.org\/{rel}","templated":true}]}}