{"id":271,"date":"2022-06-16T11:26:22","date_gmt":"2022-06-16T09:26:22","guid":{"rendered":"http:\/\/interalia.lu\/taetigkeitsfelder\/protection-et-gestion-des-ressources-en-eau\/"},"modified":"2022-06-17T10:27:33","modified_gmt":"2022-06-17T08:27:33","slug":"schutz-und-management-der-wasserressourcen","status":"publish","type":"page","link":"https:\/\/interalia.lu\/de\/taetigkeitsfelder\/schutz-und-management-der-wasserressourcen\/","title":{"rendered":"Schutz und Management der Wasserressourcen"},"content":{"rendered":"<p>[vc_section full_width=&#8220;stretch_row&#8220; el_id=&#8220;activity-intro&#8220; css=&#8220;.vc_custom_1655383206743{background-image: url(\/wp-content\/uploads\/2022\/06\/Group-798.png?id=244) !important;}&#8220;][vc_row el_id=&#8220;activity-intro-heading-row&#8220;][vc_column][vc_column_text]<\/p>\n<h1 class=\"upper\">Schutz und Management der Wasserressourcen<\/h1>\n<p>[\/vc_column_text][\/vc_column][\/vc_row][vc_row full_width=&#8220;stretch_row_content_no_spaces&#8220;][vc_column][vc_single_image image=&#8220;244&#8243; img_size=&#8220;full&#8220; alignment=&#8220;center&#8220; el_class=&#8220;no-space-img&#8220;][vc_column_text el_class=&#8220;hidden&#8220;]Ausarbeitung und Umsetzung von Ma\u00dfnahmenprogrammen in den Wasserschutzgebieten; Verringerung der Auswirkungen von Bauvorhaben auf die Wasserressourcen.[\/vc_column_text][vc_column_text el_id=&#8220;activity-breadcrumbs&#8220;]<a href=\"\/de\/taetigkeitsfelder\/\">T\u00e4tigkeitsfelder<\/a> &gt; <a href=\"#\">Schutz und Management der Wasserressourcen<\/a>[\/vc_column_text][\/vc_column][\/vc_row][\/vc_section][vc_section el_id=&#8220;activity-content-sec&#8220;][vc_row][vc_column][vc_column_text]Wir bieten die Ausarbeitung und Umsetzung von <strong>Ma\u00dfnahmenprogrammen in den rund um die Grundwasserfassungen eingerichteten Wasserschutzgebieten<\/strong>* an. Wir verpflichten uns, alle erforderlichen Ma\u00dfnahmen zu treffen, damit Sie die Bedingungen f\u00fcr den Erhalt der F\u00f6rderungen des Wasserwirtschaftsfonds (Fonds pour la Gestion de l\u2019Eau) erf\u00fcllen.<\/p>\n<p>Dar\u00fcber hinaus unterst\u00fctzen wir unsere Kunden in Bezug auf alle technischen und methodologischen Aspekte in Zusammenhang mit der <strong>Verringerung der Auswirkungen von Bauvorhaben auf die Wasserressourcen<\/strong>, insbesondere was das Zusammenspiel zwischen Oberfl\u00e4chenwasser und Grundwasser anbelangt. Unsere L\u00f6sungen ber\u00fccksichtigen die nat\u00fcrliche Funktionsweise der \u00d6kosysteme und den nat\u00fcrlichen Wasserkreislauf.<\/p>\n<p><em>*Im Sinne von Artikel 44 (9) des Gesetzes vom 20. Juli 2017 zur \u00c4nderung des ge\u00e4nderten Gesetzes vom 19. Dezember 2008 \u00fcber das Wasser (loi du 20 juillet 2017 modifiant la loi modifi\u00e9e du 19 d\u00e9cembre 2008 relative \u00e0 l\u2019eau).<\/em>[\/vc_column_text][vc_column_text]<strong class=\"colored upper activity-service-strong\">Unsere Leistungen<\/strong>[\/vc_column_text][vc_tta_accordion c_icon=&#8220;&#8220; active_section=&#8220;0&#8243; no_fill=&#8220;true&#8220; collapsible_all=&#8220;true&#8220; el_id=&#8220;activity-accordion&#8220;][vc_tta_section title=&#8220;Schutz der Wasserfassungen und des Grundwassers&#8220; tab_id=&#8220;schutz&#8220;][vc_column_text]Ausarbeitung von Ma\u00dfnahmenprogrammen f\u00fcr die Wasserschutzgebiete\/Verwaltung und Koordinierung der Umsetzung dieser Ma\u00dfnahmen.<\/p>\n<ul class=\"black\">\n<li><strong>Technisches Management<\/strong>\n<ul class=\"black\">\n<li>Technische Beratung\/Consulting<\/li>\n<li>Ermittlung und Analyse der Risiken<\/li>\n<li>Analyse der Akteure<\/li>\n<li>Unterst\u00fctzung bei der Auswahl und Umsetzung von Schutzma\u00dfnahmen<\/li>\n<li>\u00dcberwachung und Monitoring<\/li>\n<li>Datenverwaltung und Informationsaustausch<\/li>\n<\/ul>\n<\/li>\n<li><strong>Kollaboratives Management<\/strong>\n<ul class=\"black\">\n<li>Aufbau und Betreuung landwirtschaftlicher Kooperationen<\/li>\n<li>Bewusstseinsbildung, Ausbildung und \u00d6ffentlichkeitsinformation<\/li>\n<li>Verwaltung und Koordinierung der Partnerschaften<\/li>\n<\/ul>\n<\/li>\n<li><strong>Verwaltungsmanagement<\/strong>\n<ul class=\"black\">\n<li>Projektmanagement<\/li>\n<li>Beantragung von F\u00f6rdergeldern (Fonds pour la Gestion de l\u2019Eau u. \u00c4.)<\/li>\n<li>Verwaltung und Kontrolle der Geldfl\u00fcsse<\/li>\n<\/ul>\n<\/li>\n<\/ul>\n<p>[\/vc_column_text][\/vc_tta_section][vc_tta_section title=&#8220;Impakstudie Ihres Projekts auf das Zusammenspiel zwischen Oberfl\u00e4chenwasser und Grundwasser&#8220; tab_id=&#8220;impakstudie&#8220;][vc_column_text]<\/p>\n<ul class=\"black\">\n<li><strong>Analyse Ihres Projekts und In-situ-Untersuchung<\/strong>\n<ul class=\"black\">\n<li>Analyse der Umweltgegebenheiten, Ermittlung von lokalen M\u00f6glichkeiten und Einschr\u00e4nkungen<\/li>\n<li>Ermittlung des nat\u00fcrlichen Abflusses und Verlaufs des Wassers<\/li>\n<\/ul>\n<\/li>\n<li><strong>Unterbreitung von integrierten, nachhaltigen und von der Natur inspirierten L\u00f6sungen<\/strong>\n<ul class=\"black\">\n<li>Bevorzugter Einsatz von L\u00f6sungsans\u00e4tzen, bei denen das Wasser bereits an der Quelle abgefangen und die Wasserfl\u00fcsse auf den einzelnen Grundst\u00fccken verwaltet werden<\/li>\n<li>Konzepte, die auf einer R\u00fcckhaltung, Versickerung, Evapotranspiration oder Wiederverwendung des Wassers bzw. einer Umweltsanierung mittels Anpflanzungen oder Begr\u00fcnung beruhen<\/li>\n<li>L\u00f6sungen, mit denen die Integration \u00f6kologischer Funktionen und von \u00d6kosystemleistungen angestrebt wird<\/li>\n<li>Planung, Entwurf, Bemessung und \u00dcberwachung\/T\u00e4tigkeit als Bautr\u00e4ger in der Bauphase<\/li>\n<\/ul>\n<\/li>\n<\/ul>\n<p>[\/vc_column_text][\/vc_tta_section][vc_tta_section title=&#8220;Ver\u00e4nderungsmanagement&#8220; tab_id=&#8220;veraenderungsmanagement&#8220;][vc_column_text]<\/p>\n<ul class=\"black\">\n<li><strong>Funktion eines Vermittlers und einer Schnittstelle zwischen der Wasserwirtschaft und menschlichen Aktivit\u00e4ten<\/strong>\n<ul class=\"black\">\n<li>Landwirtschaft<\/li>\n<li>Forstwirtschaft, Weinbau, Gartenbau und Gem\u00fcseanbau<\/li>\n<li>Industrie und Gewerbe<\/li>\n<li>Abwasser- und Abfallentsorgung<\/li>\n<li>Stadtplanung, Raumplanung und Mobilit\u00e4t<\/li>\n<li>\u00d6ffentliche Bauvorhaben und Verkehrswege<\/li>\n<\/ul>\n<\/li>\n<li><strong>Moderation von Mechanismen zur Abstimmung und Betreuung von auf Zusammenarbeit basierenden Prozessen<\/strong><\/li>\n<\/ul>\n<p>[\/vc_column_text][\/vc_tta_section][vc_tta_section title=&#8220;Unterst\u00fctzung bei administrativen Vorg\u00e4ngen und Angelegenheiten in Zusammenhang mit Rechtsvorschriften&#8220; tab_id=&#8220;unterstuetzung&#8220;][vc_column_text]Dar\u00fcber hinaus unterst\u00fctzen wir Sie bei den administrativen Vorg\u00e4ngen sowie allen mit Rechtsvorschriften in Zusammenhang stehenden Angelegenheiten, die Ihr Projekt betreffen: Beantragung von Genehmigungen und F\u00f6rderungen, Einreichung von Formularen usw.[\/vc_column_text][\/vc_tta_section][\/vc_tta_accordion][\/vc_column][\/vc_row][vc_row][vc_column][vc_btn title=&#8220;T\u00e9l\u00e9charger la fiche du d\u00e9partement&#8220; align=&#8220;center&#8220; link=&#8220;url:%2Fwp-content%2Fuploads%2F2022%2F06%2FSC_FICHE-DEPARTEMENT_205x292_QSE2_PE-EC_web-1.pdf|target:_blank&#8220; el_class=&#8220;cta-btn hidden&#8220;][\/vc_column][\/vc_row][\/vc_section][vc_section full_width=&#8220;stretch_row&#8220; el_id=&#8220;activity-reference-footer-sec&#8220; css=&#8220;.vc_custom_1654676336045{background-color: #004488 !important;}&#8220;][vc_row][vc_column][vc_column_text]<script>jQuery(function(){ jQuery(\"#activity-reference-footer-sec\").remove();})<\/script>[\/vc_column_text][\/vc_column][\/vc_row][\/vc_section]<\/p>\n","protected":false},"excerpt":{"rendered":"<p>[vc_section full_width=&#8220;stretch_row&#8220; el_id=&#8220;activity-intro&#8220; css=&#8220;.vc_custom_1655383206743{background-image: url(\/wp-content\/uploads\/2022\/06\/Group-798.png?id=244) !important;}&#8220;][vc_row el_id=&#8220;activity-intro-heading-row&#8220;][vc_column][vc_column_text] Schutz und Management der Wasserressourcen [\/vc_column_text][\/vc_column][\/vc_row][vc_row full_width=&#8220;stretch_row_content_no_spaces&#8220;][vc_column][vc_single_image image=&#8220;244&#8243; img_size=&#8220;full&#8220; alignment=&#8220;center&#8220; el_class=&#8220;no-space-img&#8220;][vc_column_text el_class=&#8220;hidden&#8220;]Ausarbeitung und Umsetzung von Ma\u00dfnahmenprogrammen in den Wasserschutzgebieten;<span class=\"excerpt-hellip\"> [\u2026]<\/span><\/p>\n","protected":false},"author":1,"featured_media":247,"parent":241,"menu_order":0,"comment_status":"closed","ping_status":"closed","template":"","meta":{"footnotes":""},"class_list":["post-271","page","type-page","status-publish","has-post-thumbnail","hentry"],"yoast_head":"<!-- This site is optimized with the Yoast SEO plugin v19.14 - https:\/\/yoast.com\/wordpress\/plugins\/seo\/ -->\n<title>InterAlia - T\u00e4tigkeitsbereich - Schutz und Management der Wasserressourcen<\/title>\n<meta name=\"robots\" content=\"index, follow, max-snippet:-1, max-image-preview:large, max-video-preview:-1\" \/>\n<link rel=\"canonical\" href=\"https:\/\/interalia.lu\/de\/taetigkeitsfelder\/schutz-und-management-der-wasserressourcen\/\" \/>\n<meta property=\"og:locale\" content=\"de_DE\" \/>\n<meta property=\"og:type\" content=\"article\" \/>\n<meta property=\"og:title\" content=\"InterAlia - T\u00e4tigkeitsbereich - Schutz und Management der Wasserressourcen\" \/>\n<meta property=\"og:description\" content=\"[vc_section full_width=&#8220;stretch_row&#8220; el_id=&#8220;activity-intro&#8220; css=&#8220;.vc_custom_1655383206743{background-image: url(\/wp-content\/uploads\/2022\/06\/Group-798.png?id=244) !important;}&#8220;][vc_row el_id=&#8220;activity-intro-heading-row&#8220;][vc_column][vc_column_text] Schutz und Management der Wasserressourcen [\/vc_column_text][\/vc_column][\/vc_row][vc_row full_width=&#8220;stretch_row_content_no_spaces&#8220;][vc_column][vc_single_image image=&#8220;244&#8243; img_size=&#8220;full&#8220; alignment=&#8220;center&#8220; el_class=&#8220;no-space-img&#8220;][vc_column_text el_class=&#8220;hidden&#8220;]Ausarbeitung und Umsetzung von Ma\u00dfnahmenprogrammen in den Wasserschutzgebieten; [\u2026]\" \/>\n<meta property=\"og:url\" content=\"https:\/\/interalia.lu\/de\/taetigkeitsfelder\/schutz-und-management-der-wasserressourcen\/\" \/>\n<meta property=\"og:site_name\" content=\"Interalia\" \/>\n<meta property=\"article:modified_time\" content=\"2022-06-17T08:27:33+00:00\" \/>\n<meta property=\"og:image\" content=\"https:\/\/interalia.lu\/wp-content\/uploads\/2022\/06\/protection-featured.jpg\" \/>\n\t<meta property=\"og:image:width\" content=\"1200\" \/>\n\t<meta property=\"og:image:height\" content=\"900\" \/>\n\t<meta property=\"og:image:type\" content=\"image\/jpeg\" \/>\n<meta name=\"twitter:card\" content=\"summary_large_image\" \/>\n<meta name=\"twitter:label1\" content=\"Gesch\u00e4tzte Lesezeit\" \/>\n\t<meta name=\"twitter:data1\" content=\"3\u00a0Minuten\" \/>\n<script type=\"application\/ld+json\" class=\"yoast-schema-graph\">{\"@context\":\"https:\/\/schema.org\",\"@graph\":[{\"@type\":\"WebPage\",\"@id\":\"https:\/\/interalia.lu\/de\/taetigkeitsfelder\/schutz-und-management-der-wasserressourcen\/\",\"url\":\"https:\/\/interalia.lu\/de\/taetigkeitsfelder\/schutz-und-management-der-wasserressourcen\/\",\"name\":\"InterAlia - T\u00e4tigkeitsbereich - Schutz und Management der Wasserressourcen\",\"isPartOf\":{\"@id\":\"https:\/\/interalia.lu\/#website\"},\"datePublished\":\"2022-06-16T09:26:22+00:00\",\"dateModified\":\"2022-06-17T08:27:33+00:00\",\"breadcrumb\":{\"@id\":\"https:\/\/interalia.lu\/de\/taetigkeitsfelder\/schutz-und-management-der-wasserressourcen\/#breadcrumb\"},\"inLanguage\":\"de\",\"potentialAction\":[{\"@type\":\"ReadAction\",\"target\":[\"https:\/\/interalia.lu\/de\/taetigkeitsfelder\/schutz-und-management-der-wasserressourcen\/\"]}]},{\"@type\":\"BreadcrumbList\",\"@id\":\"https:\/\/interalia.lu\/de\/taetigkeitsfelder\/schutz-und-management-der-wasserressourcen\/#breadcrumb\",\"itemListElement\":[{\"@type\":\"ListItem\",\"position\":1,\"name\":\"Home\",\"item\":\"https:\/\/interalia.lu\/de\/\"},{\"@type\":\"ListItem\",\"position\":2,\"name\":\"T\u00e4tigkeitsfelder\",\"item\":\"https:\/\/interalia.lu\/de\/taetigkeitsfelder\/\"},{\"@type\":\"ListItem\",\"position\":3,\"name\":\"Schutz und Management der Wasserressourcen\"}]},{\"@type\":\"WebSite\",\"@id\":\"https:\/\/interalia.lu\/#website\",\"url\":\"https:\/\/interalia.lu\/\",\"name\":\"Interalia\",\"description\":\"Un site utilisant WordPress\",\"inLanguage\":\"de\"}]}<\/script>\n<!-- \/ Yoast SEO plugin. -->","yoast_head_json":{"title":"InterAlia - T\u00e4tigkeitsbereich - Schutz und Management der Wasserressourcen","robots":{"index":"index","follow":"follow","max-snippet":"max-snippet:-1","max-image-preview":"max-image-preview:large","max-video-preview":"max-video-preview:-1"},"canonical":"https:\/\/interalia.lu\/de\/taetigkeitsfelder\/schutz-und-management-der-wasserressourcen\/","og_locale":"de_DE","og_type":"article","og_title":"InterAlia - T\u00e4tigkeitsbereich - Schutz und Management der Wasserressourcen","og_description":"[vc_section full_width=&#8220;stretch_row&#8220; el_id=&#8220;activity-intro&#8220; css=&#8220;.vc_custom_1655383206743{background-image: url(\/wp-content\/uploads\/2022\/06\/Group-798.png?id=244) !important;}&#8220;][vc_row el_id=&#8220;activity-intro-heading-row&#8220;][vc_column][vc_column_text] Schutz und Management der Wasserressourcen [\/vc_column_text][\/vc_column][\/vc_row][vc_row full_width=&#8220;stretch_row_content_no_spaces&#8220;][vc_column][vc_single_image image=&#8220;244&#8243; img_size=&#8220;full&#8220; alignment=&#8220;center&#8220; el_class=&#8220;no-space-img&#8220;][vc_column_text el_class=&#8220;hidden&#8220;]Ausarbeitung und Umsetzung von Ma\u00dfnahmenprogrammen in den Wasserschutzgebieten; [\u2026]","og_url":"https:\/\/interalia.lu\/de\/taetigkeitsfelder\/schutz-und-management-der-wasserressourcen\/","og_site_name":"Interalia","article_modified_time":"2022-06-17T08:27:33+00:00","og_image":[{"width":1200,"height":900,"url":"https:\/\/interalia.lu\/wp-content\/uploads\/2022\/06\/protection-featured.jpg","type":"image\/jpeg"}],"twitter_card":"summary_large_image","twitter_misc":{"Gesch\u00e4tzte Lesezeit":"3\u00a0Minuten"},"schema":{"@context":"https:\/\/schema.org","@graph":[{"@type":"WebPage","@id":"https:\/\/interalia.lu\/de\/taetigkeitsfelder\/schutz-und-management-der-wasserressourcen\/","url":"https:\/\/interalia.lu\/de\/taetigkeitsfelder\/schutz-und-management-der-wasserressourcen\/","name":"InterAlia - T\u00e4tigkeitsbereich - Schutz und Management der Wasserressourcen","isPartOf":{"@id":"https:\/\/interalia.lu\/#website"},"datePublished":"2022-06-16T09:26:22+00:00","dateModified":"2022-06-17T08:27:33+00:00","breadcrumb":{"@id":"https:\/\/interalia.lu\/de\/taetigkeitsfelder\/schutz-und-management-der-wasserressourcen\/#breadcrumb"},"inLanguage":"de","potentialAction":[{"@type":"ReadAction","target":["https:\/\/interalia.lu\/de\/taetigkeitsfelder\/schutz-und-management-der-wasserressourcen\/"]}]},{"@type":"BreadcrumbList","@id":"https:\/\/interalia.lu\/de\/taetigkeitsfelder\/schutz-und-management-der-wasserressourcen\/#breadcrumb","itemListElement":[{"@type":"ListItem","position":1,"name":"Home","item":"https:\/\/interalia.lu\/de\/"},{"@type":"ListItem","position":2,"name":"T\u00e4tigkeitsfelder","item":"https:\/\/interalia.lu\/de\/taetigkeitsfelder\/"},{"@type":"ListItem","position":3,"name":"Schutz und Management der Wasserressourcen"}]},{"@type":"WebSite","@id":"https:\/\/interalia.lu\/#website","url":"https:\/\/interalia.lu\/","name":"Interalia","description":"Un site utilisant WordPress","inLanguage":"de"}]}},"_links":{"self":[{"href":"https:\/\/interalia.lu\/de\/wp-json\/wp\/v2\/pages\/271","targetHints":{"allow":["GET"]}}],"collection":[{"href":"https:\/\/interalia.lu\/de\/wp-json\/wp\/v2\/pages"}],"about":[{"href":"https:\/\/interalia.lu\/de\/wp-json\/wp\/v2\/types\/page"}],"author":[{"embeddable":true,"href":"https:\/\/interalia.lu\/de\/wp-json\/wp\/v2\/users\/1"}],"replies":[{"embeddable":true,"href":"https:\/\/interalia.lu\/de\/wp-json\/wp\/v2\/comments?post=271"}],"version-history":[{"count":2,"href":"https:\/\/interalia.lu\/de\/wp-json\/wp\/v2\/pages\/271\/revisions"}],"predecessor-version":[{"id":272,"href":"https:\/\/interalia.lu\/de\/wp-json\/wp\/v2\/pages\/271\/revisions\/272"}],"up":[{"embeddable":true,"href":"https:\/\/interalia.lu\/de\/wp-json\/wp\/v2\/pages\/241"}],"wp:featuredmedia":[{"embeddable":true,"href":"https:\/\/interalia.lu\/de\/wp-json\/wp\/v2\/media\/247"}],"wp:attachment":[{"href":"https:\/\/interalia.lu\/de\/wp-json\/wp\/v2\/media?parent=271"}],"curies":[{"name":"wp","href":"https:\/\/api.w.org\/{rel}","templated":true}]}}