{"id":226,"date":"2022-06-16T10:28:25","date_gmt":"2022-06-16T08:28:25","guid":{"rendered":"http:\/\/interalia.lu\/contact\/"},"modified":"2023-09-05T17:32:01","modified_gmt":"2023-09-05T15:32:01","slug":"kontakt","status":"publish","type":"page","link":"https:\/\/interalia.lu\/de\/kontakt\/","title":{"rendered":"Kontakt"},"content":{"rendered":"<p>[vc_section full_width=&#8220;stretch_row&#8220; el_id=&#8220;intro&#8220; css=&#8220;.vc_custom_1655370578932{background: #5bc5f2 url(\/wp-content\/uploads\/2022\/06\/Group-581-1.png?id=72) !important;}&#8220;][vc_row][vc_column width=&#8220;1\/2&#8243;][vc_column_text]<\/p>\n<h1 class=\"upper\">Kontakt<\/h1>\n<p>[\/vc_column_text][\/vc_column][vc_column width=&#8220;1\/2&#8243;][\/vc_column][\/vc_row][vc_row full_width=&#8220;stretch_row_content_no_spaces&#8220; el_class=&#8220;skew-bot-row skew-bot-row-light&#8220;][vc_column][\/vc_column][\/vc_row][\/vc_section][vc_section full_width=&#8220;stretch_row&#8220; css=&#8220;.vc_custom_1655370059665{background-color: #5bc5f2 !important;}&#8220;][vc_row][vc_column width=&#8220;1\/4&#8243;][\/vc_column][vc_column width=&#8220;1\/2&#8243;]<div class=\"wpcf7 no-js\" id=\"wpcf7-f38-o1\" lang=\"en-US\" dir=\"ltr\">\n<div class=\"screen-reader-response\"><p role=\"status\" aria-live=\"polite\" aria-atomic=\"true\"><\/p> <ul><\/ul><\/div>\n<form action=\"\/de\/wp-json\/wp\/v2\/pages\/226#wpcf7-f38-o1\" method=\"post\" class=\"wpcf7-form init\" aria-label=\"Contact form\" novalidate=\"novalidate\" data-status=\"init\">\n<div style=\"display: none;\">\n<input type=\"hidden\" name=\"_wpcf7\" value=\"38\" \/>\n<input type=\"hidden\" name=\"_wpcf7_version\" value=\"5.7.2\" \/>\n<input type=\"hidden\" name=\"_wpcf7_locale\" value=\"en_US\" \/>\n<input type=\"hidden\" name=\"_wpcf7_unit_tag\" value=\"wpcf7-f38-o1\" \/>\n<input type=\"hidden\" name=\"_wpcf7_container_post\" value=\"0\" \/>\n<input type=\"hidden\" name=\"_wpcf7_posted_data_hash\" value=\"\" \/>\n<input type=\"hidden\" name=\"_wpcf7_recaptcha_response\" value=\"\" \/>\n<\/div>\n<div class=\"cf-row\">\n\t<div>\n\t\t<p><label>Anrede *<\/label><span class=\"wpcf7-form-control-wrap\" data-name=\"civility\"><select class=\"wpcf7-form-control wpcf7-select wpcf7-validates-as-required\" aria-required=\"true\" aria-invalid=\"false\" name=\"civility\"><option value=\"H\">H<\/option><option value=\"F\">F<\/option><\/select><\/span>\n\t\t<\/p>\n\t<\/div>\n<\/div>\n<div class=\"cf-row\">\n\t<div>\n\t\t<p><label>Nachname *<\/label><span class=\"wpcf7-form-control-wrap\" data-name=\"your-name\"><input size=\"40\" class=\"wpcf7-form-control wpcf7-text wpcf7-validates-as-required\" aria-required=\"true\" aria-invalid=\"false\" value=\"\" type=\"text\" name=\"your-name\" \/><\/span>\n\t\t<\/p>\n\t<\/div>\n\t<div>\n\t\t<p><label>Vorname *<\/label><span class=\"wpcf7-form-control-wrap\" data-name=\"your-first-name\"><input size=\"40\" class=\"wpcf7-form-control wpcf7-text wpcf7-validates-as-required\" aria-required=\"true\" aria-invalid=\"false\" value=\"\" type=\"text\" name=\"your-first-name\" \/><\/span>\n\t\t<\/p>\n\t<\/div>\n<\/div>\n<div class=\"cf-row\">\n\t<div>\n\t\t<p><label>Email *<\/label><span class=\"wpcf7-form-control-wrap\" data-name=\"your-mail\"><input size=\"40\" class=\"wpcf7-form-control wpcf7-text wpcf7-email wpcf7-validates-as-required wpcf7-validates-as-email\" aria-required=\"true\" aria-invalid=\"false\" value=\"\" type=\"email\" name=\"your-mail\" \/><\/span>\n\t\t<\/p>\n\t<\/div>\n\t<div>\n\t\t<p><label>Telefon<\/label><span class=\"wpcf7-form-control-wrap\" data-name=\"your-tel\"><input size=\"40\" class=\"wpcf7-form-control wpcf7-text wpcf7-tel wpcf7-validates-as-tel\" aria-invalid=\"false\" value=\"\" type=\"tel\" name=\"your-tel\" \/><\/span>\n\t\t<\/p>\n\t<\/div>\n<\/div>\n<div class=\"cf-row\">\n\t<div>\n\t\t<p><label>Ich bin<\/label><span class=\"wpcf7-form-control-wrap\" data-name=\"profession\"><select class=\"wpcf7-form-control wpcf7-select wpcf7-validates-as-required\" aria-required=\"true\" aria-invalid=\"false\" name=\"profession\"><option value=\"Eine Fachperson\">Eine Fachperson<\/option><option value=\"Eine Gemeinde\">Eine Gemeinde<\/option><option value=\"Eine \u00f6ffentliche Einrichtung\">Eine \u00f6ffentliche Einrichtung<\/option><option value=\"Eine Privatperson\">Eine Privatperson<\/option><\/select><\/span>\n\t\t<\/p>\n\t<\/div>\n\t<div>\n\t\t<p><label>Dies betrifft *<\/label><span class=\"wpcf7-form-control-wrap\" data-name=\"your-demand\"><select class=\"wpcf7-form-control wpcf7-select wpcf7-validates-as-required\" aria-required=\"true\" aria-invalid=\"false\" name=\"your-demand\"><option value=\"Anderes\">Anderes<\/option><option value=\"Entwicklung und Aufbau von Projekten und Partnerschaften\">Entwicklung und Aufbau von Projekten und Partnerschaften<\/option><option value=\"Bio\u00f6konomie und l\u00e4ndliche Entwicklung\">Bio\u00f6konomie und l\u00e4ndliche Entwicklung<\/option><option value=\"Nachhaltige Landwirtschaft, \u2013 Agrar\u00f6kologie und \u2013 integrierte Bodenbewirtschaftung\">Nachhaltige Landwirtschaft, \u2013 Agrar\u00f6kologie und \u2013 integrierte Bodenbewirtschaftung<\/option><option value=\"Schutz und Management der Wasserressourcen\">Schutz und Management der Wasserressourcen<\/option><\/select><\/span>\n\t\t<\/p>\n\t<\/div>\n<\/div>\n<p><label>Nachricht<\/label><span class=\"wpcf7-form-control-wrap\" data-name=\"your-message\"><textarea cols=\"40\" rows=\"10\" class=\"wpcf7-form-control wpcf7-textarea wpcf7-validates-as-required\" aria-required=\"true\" aria-invalid=\"false\" name=\"your-message\"><\/textarea><\/span>\n<\/p>\n<p><span class=\"wpcf7-form-control-wrap\" data-name=\"legal-check\"><span class=\"wpcf7-form-control wpcf7-checkbox wpcf7-validates-as-required\"><span class=\"wpcf7-list-item first last\"><label><input type=\"checkbox\" name=\"legal-check[]\" value=\"Mit dem Absenden dieses Formulars erkl\u00e4re ich mich damit einverstanden, dass Interalia die darin enthaltenen pers\u00f6nlichen Daten zur Bearbeitung meiner Bewerbung verwendet. Um Ihre Rechte zu erfahren und auszu\u00fcben, einschlie\u00dflich des Widerrufs der Zustimmung zur Verwendung Ihrer gesammelten Daten, lesen Sie bitte unsere Datenschutzrichtlinie.\" tabindex=\"\" \/><span class=\"wpcf7-list-item-label\">Mit dem Absenden dieses Formulars erkl\u00e4re ich mich damit einverstanden, dass Interalia die darin enthaltenen pers\u00f6nlichen Daten zur Bearbeitung meiner Bewerbung verwendet. Um Ihre Rechte zu erfahren und auszu\u00fcben, einschlie\u00dflich des Widerrufs der Zustimmung zur Verwendung Ihrer gesammelten Daten, lesen Sie bitte unsere Datenschutzrichtlinie.<\/span><\/label><\/span><\/span><\/span>\n<\/p>\n<p class=\"contact-hint\">*Pflichtfelder\n<\/p>\n<div class=\"wpcf-submit-wrap al-center\">\n\t<p><input class=\"wpcf7-form-control has-spinner wpcf7-submit cta-btn\" type=\"submit\" value=\"Senden\" \/>\n\t<\/p>\n<\/div><div class=\"wpcf7-response-output\" aria-hidden=\"true\"><\/div><\/form><\/div>[\/vc_column][vc_column width=&#8220;1\/4&#8243;][\/vc_column][\/vc_row][\/vc_section][vc_section full_width=&#8220;stretch_row&#8220; css=&#8220;.vc_custom_1655370301360{padding-top: 0px !important;}&#8220;][vc_row full_width=&#8220;stretch_row_content_no_spaces&#8220; el_class=&#8220;skew-top-row skew-top-row-light&#8220;][vc_column][\/vc_column][\/vc_row][vc_row el_id=&#8220;contact-info-row&#8220; el_class=&#8220;top-mar-2&#8243;][vc_column width=&#8220;1\/3&#8243;][vc_column_text]<\/p>\n<h3 class=\"upper\"><strong>Kontaktdaten<\/strong><\/h3>\n<p>[\/vc_column_text][vc_column_text el_class=&#8220;contact-details-info&#8220;]4, rue Albert Simon<br \/>\nL-5315 Contern<br \/>\nLuxembourg<\/p>\n<div class=\"contact-link-wrap\"><a href=\"tel:+3523057991\"><i class=\"fas fa-mobile-alt\"><span class=\"social-placeholder\">.<\/span><\/i>(+352) 30 57 99 1<\/a><a href=\"mailto:info@interalia.lu\"><i class=\"icon-mail-line\"><span class=\"social-placeholder\">.<\/span><\/i>info@interalia.lu<\/a><a href=\"https:\/\/www.google.com\/maps\/dir\/\/49.5935801,6.214572599999999\" target=\"_blank\" rel=\"nofollow noopener\"><i class=\"fas fa-map-marker-alt\"><span class=\"social-placeholder\">.<\/span><\/i>Route<\/a><\/div>\n<p>[\/vc_column_text][\/vc_column][vc_column width=&#8220;1\/3&#8243;][vc_column_text]<\/p>\n<h3 class=\"upper\"><strong>\u00d6ffnunngszeiten<\/strong><\/h3>\n<p>[\/vc_column_text][vc_column_text]Unser B\u00fcro ist <strong>montags bis freitags in der Zeit von 7:30 Uhr bis 17:00 Uhr ge\u00f6ffnet<\/strong>.<\/p>\n<p>Diese \u00d6ffnungszeiten gelten nicht an Feiertagen und w\u00e4hrend des j\u00e4hrlichen Kollektivurlaubs.[\/vc_column_text][\/vc_column][vc_column width=&#8220;1\/3&#8243;][vc_column_text]<\/p>\n<h3 class=\"upper\"><strong>\u00d6ffentliche Verkehrsmittel<\/strong><\/h3>\n<p>[\/vc_column_text][vc_column_text]Konsultieren Sie unseren Anfahrtsplan um mit \u00f6ffentlichen Verkehrsmitteln zu kommen, oder benutzen Sie den Transportroutenplaner.[\/vc_column_text][vc_btn title=&#8220;Anfahrtsplan ansehen&#8220; align=&#8220;center&#8220; link=&#8220;url:%2Fwp-content%2Fuploads%2F2022%2F08%2FLSC_COM_20220829_CONTERN_Plan-accs_A3_DE.pdf|target:_blank&#8220; el_class=&#8220;cta-btn&#8220;][\/vc_column][\/vc_row][\/vc_section]<\/p>\n","protected":false},"excerpt":{"rendered":"<p>[vc_section full_width=&#8220;stretch_row&#8220; el_id=&#8220;intro&#8220; css=&#8220;.vc_custom_1655370578932{background: #5bc5f2 url(\/wp-content\/uploads\/2022\/06\/Group-581-1.png?id=72) !important;}&#8220;][vc_row][vc_column width=&#8220;1\/2&#8243;][vc_column_text] Kontakt [\/vc_column_text][\/vc_column][vc_column width=&#8220;1\/2&#8243;][\/vc_column][\/vc_row][vc_row full_width=&#8220;stretch_row_content_no_spaces&#8220; el_class=&#8220;skew-bot-row skew-bot-row-light&#8220;][vc_column][\/vc_column][\/vc_row][\/vc_section][vc_section full_width=&#8220;stretch_row&#8220; css=&#8220;.vc_custom_1655370059665{background-color: #5bc5f2 !important;}&#8220;][vc_row][vc_column width=&#8220;1\/4&#8243;][\/vc_column][vc_column width=&#8220;1\/2&#8243;][\/vc_column][vc_column width=&#8220;1\/4&#8243;][\/vc_column][\/vc_row][\/vc_section][vc_section full_width=&#8220;stretch_row&#8220; css=&#8220;.vc_custom_1655370301360{padding-top: 0px !important;}&#8220;][vc_row full_width=&#8220;stretch_row_content_no_spaces&#8220;<span class=\"excerpt-hellip\"> [\u2026]<\/span><\/p>\n","protected":false},"author":1,"featured_media":0,"parent":0,"menu_order":0,"comment_status":"closed","ping_status":"closed","template":"","meta":{"footnotes":""},"class_list":["post-226","page","type-page","status-publish","hentry"],"yoast_head":"<!-- This site is optimized with the Yoast SEO plugin v19.14 - https:\/\/yoast.com\/wordpress\/plugins\/seo\/ -->\n<title>InterAlia - Studienb\u00fcro im Umweltbereich - Kontakt &amp; Anfahrt<\/title>\n<meta name=\"robots\" content=\"index, follow, max-snippet:-1, max-image-preview:large, max-video-preview:-1\" \/>\n<link rel=\"canonical\" href=\"https:\/\/interalia.lu\/de\/kontakt\/\" \/>\n<meta property=\"og:locale\" content=\"de_DE\" \/>\n<meta property=\"og:type\" content=\"article\" \/>\n<meta property=\"og:title\" content=\"InterAlia - Studienb\u00fcro im Umweltbereich - Kontakt &amp; Anfahrt\" \/>\n<meta property=\"og:description\" content=\"[vc_section full_width=&#8220;stretch_row&#8220; el_id=&#8220;intro&#8220; css=&#8220;.vc_custom_1655370578932{background: #5bc5f2 url(\/wp-content\/uploads\/2022\/06\/Group-581-1.png?id=72) !important;}&#8220;][vc_row][vc_column width=&#8220;1\/2&#8243;][vc_column_text] Kontakt [\/vc_column_text][\/vc_column][vc_column width=&#8220;1\/2&#8243;][\/vc_column][\/vc_row][vc_row full_width=&#8220;stretch_row_content_no_spaces&#8220; el_class=&#8220;skew-bot-row skew-bot-row-light&#8220;][vc_column][\/vc_column][\/vc_row][\/vc_section][vc_section full_width=&#8220;stretch_row&#8220; css=&#8220;.vc_custom_1655370059665{background-color: #5bc5f2 !important;}&#8220;][vc_row][vc_column width=&#8220;1\/4&#8243;][\/vc_column][vc_column width=&#8220;1\/2&#8243;][\/vc_column][vc_column width=&#8220;1\/4&#8243;][\/vc_column][\/vc_row][\/vc_section][vc_section full_width=&#8220;stretch_row&#8220; css=&#8220;.vc_custom_1655370301360{padding-top: 0px !important;}&#8220;][vc_row full_width=&#8220;stretch_row_content_no_spaces&#8220; [\u2026]\" \/>\n<meta property=\"og:url\" content=\"https:\/\/interalia.lu\/de\/kontakt\/\" \/>\n<meta property=\"og:site_name\" content=\"Interalia\" \/>\n<meta property=\"article:modified_time\" content=\"2023-09-05T15:32:01+00:00\" \/>\n<meta name=\"twitter:card\" content=\"summary_large_image\" \/>\n<meta name=\"twitter:label1\" content=\"Gesch\u00e4tzte Lesezeit\" \/>\n\t<meta name=\"twitter:data1\" content=\"1\u00a0Minute\" \/>\n<script type=\"application\/ld+json\" class=\"yoast-schema-graph\">{\"@context\":\"https:\/\/schema.org\",\"@graph\":[{\"@type\":\"WebPage\",\"@id\":\"https:\/\/interalia.lu\/de\/kontakt\/\",\"url\":\"https:\/\/interalia.lu\/de\/kontakt\/\",\"name\":\"InterAlia - Studienb\u00fcro im Umweltbereich - Kontakt & Anfahrt\",\"isPartOf\":{\"@id\":\"https:\/\/interalia.lu\/#website\"},\"datePublished\":\"2022-06-16T08:28:25+00:00\",\"dateModified\":\"2023-09-05T15:32:01+00:00\",\"breadcrumb\":{\"@id\":\"https:\/\/interalia.lu\/de\/kontakt\/#breadcrumb\"},\"inLanguage\":\"de\",\"potentialAction\":[{\"@type\":\"ReadAction\",\"target\":[\"https:\/\/interalia.lu\/de\/kontakt\/\"]}]},{\"@type\":\"BreadcrumbList\",\"@id\":\"https:\/\/interalia.lu\/de\/kontakt\/#breadcrumb\",\"itemListElement\":[{\"@type\":\"ListItem\",\"position\":1,\"name\":\"Home\",\"item\":\"https:\/\/interalia.lu\/de\/\"},{\"@type\":\"ListItem\",\"position\":2,\"name\":\"Kontakt\"}]},{\"@type\":\"WebSite\",\"@id\":\"https:\/\/interalia.lu\/#website\",\"url\":\"https:\/\/interalia.lu\/\",\"name\":\"Interalia\",\"description\":\"Un site utilisant WordPress\",\"inLanguage\":\"de\"}]}<\/script>\n<!-- \/ Yoast SEO plugin. -->","yoast_head_json":{"title":"InterAlia - Studienb\u00fcro im Umweltbereich - Kontakt & Anfahrt","robots":{"index":"index","follow":"follow","max-snippet":"max-snippet:-1","max-image-preview":"max-image-preview:large","max-video-preview":"max-video-preview:-1"},"canonical":"https:\/\/interalia.lu\/de\/kontakt\/","og_locale":"de_DE","og_type":"article","og_title":"InterAlia - Studienb\u00fcro im Umweltbereich - Kontakt & Anfahrt","og_description":"[vc_section full_width=&#8220;stretch_row&#8220; el_id=&#8220;intro&#8220; css=&#8220;.vc_custom_1655370578932{background: #5bc5f2 url(\/wp-content\/uploads\/2022\/06\/Group-581-1.png?id=72) !important;}&#8220;][vc_row][vc_column width=&#8220;1\/2&#8243;][vc_column_text] Kontakt [\/vc_column_text][\/vc_column][vc_column width=&#8220;1\/2&#8243;][\/vc_column][\/vc_row][vc_row full_width=&#8220;stretch_row_content_no_spaces&#8220; el_class=&#8220;skew-bot-row skew-bot-row-light&#8220;][vc_column][\/vc_column][\/vc_row][\/vc_section][vc_section full_width=&#8220;stretch_row&#8220; css=&#8220;.vc_custom_1655370059665{background-color: #5bc5f2 !important;}&#8220;][vc_row][vc_column width=&#8220;1\/4&#8243;][\/vc_column][vc_column width=&#8220;1\/2&#8243;][\/vc_column][vc_column width=&#8220;1\/4&#8243;][\/vc_column][\/vc_row][\/vc_section][vc_section full_width=&#8220;stretch_row&#8220; css=&#8220;.vc_custom_1655370301360{padding-top: 0px !important;}&#8220;][vc_row full_width=&#8220;stretch_row_content_no_spaces&#8220; [\u2026]","og_url":"https:\/\/interalia.lu\/de\/kontakt\/","og_site_name":"Interalia","article_modified_time":"2023-09-05T15:32:01+00:00","twitter_card":"summary_large_image","twitter_misc":{"Gesch\u00e4tzte Lesezeit":"1\u00a0Minute"},"schema":{"@context":"https:\/\/schema.org","@graph":[{"@type":"WebPage","@id":"https:\/\/interalia.lu\/de\/kontakt\/","url":"https:\/\/interalia.lu\/de\/kontakt\/","name":"InterAlia - Studienb\u00fcro im Umweltbereich - Kontakt & Anfahrt","isPartOf":{"@id":"https:\/\/interalia.lu\/#website"},"datePublished":"2022-06-16T08:28:25+00:00","dateModified":"2023-09-05T15:32:01+00:00","breadcrumb":{"@id":"https:\/\/interalia.lu\/de\/kontakt\/#breadcrumb"},"inLanguage":"de","potentialAction":[{"@type":"ReadAction","target":["https:\/\/interalia.lu\/de\/kontakt\/"]}]},{"@type":"BreadcrumbList","@id":"https:\/\/interalia.lu\/de\/kontakt\/#breadcrumb","itemListElement":[{"@type":"ListItem","position":1,"name":"Home","item":"https:\/\/interalia.lu\/de\/"},{"@type":"ListItem","position":2,"name":"Kontakt"}]},{"@type":"WebSite","@id":"https:\/\/interalia.lu\/#website","url":"https:\/\/interalia.lu\/","name":"Interalia","description":"Un site utilisant WordPress","inLanguage":"de"}]}},"_links":{"self":[{"href":"https:\/\/interalia.lu\/de\/wp-json\/wp\/v2\/pages\/226","targetHints":{"allow":["GET"]}}],"collection":[{"href":"https:\/\/interalia.lu\/de\/wp-json\/wp\/v2\/pages"}],"about":[{"href":"https:\/\/interalia.lu\/de\/wp-json\/wp\/v2\/types\/page"}],"author":[{"embeddable":true,"href":"https:\/\/interalia.lu\/de\/wp-json\/wp\/v2\/users\/1"}],"replies":[{"embeddable":true,"href":"https:\/\/interalia.lu\/de\/wp-json\/wp\/v2\/comments?post=226"}],"version-history":[{"count":4,"href":"https:\/\/interalia.lu\/de\/wp-json\/wp\/v2\/pages\/226\/revisions"}],"predecessor-version":[{"id":436,"href":"https:\/\/interalia.lu\/de\/wp-json\/wp\/v2\/pages\/226\/revisions\/436"}],"wp:attachment":[{"href":"https:\/\/interalia.lu\/de\/wp-json\/wp\/v2\/media?parent=226"}],"curies":[{"name":"wp","href":"https:\/\/api.w.org\/{rel}","templated":true}]}}